
{"id":11,"date":"2008-09-23T00:13:37","date_gmt":"2008-09-23T03:13:37","guid":{"rendered":"http:\/\/www.oarcanjo.net\/site\/?page_id=11"},"modified":"2014-09-29T14:16:54","modified_gmt":"2014-09-29T17:16:54","slug":"informacoes","status":"publish","type":"page","link":"https:\/\/www.oarcanjo.net\/site\/informacoes\/","title":{"rendered":"Informa\u00e7\u00f5es e como chegar"},"content":{"rendered":"<div id=\"attachment_516\" style=\"width: 460px\" class=\"wp-caption alignnone\"><img loading=\"lazy\" decoding=\"async\" aria-describedby=\"caption-attachment-516\" class=\"size-full wp-image-516\" title=\"Par\u00f3quia S\u00e3o Miguel Arcanjo\" src=\"http:\/\/www.oarcanjo.net\/site\/wp-content\/uploads\/foto-saomiguelarcanjo1.jpg\" alt=\"Par\u00f3quia S\u00e3o Miguel Arcanjo\" width=\"450\" height=\"338\" srcset=\"https:\/\/www.oarcanjo.net\/site\/wp-content\/uploads\/foto-saomiguelarcanjo1.jpg 450w, https:\/\/www.oarcanjo.net\/site\/wp-content\/uploads\/foto-saomiguelarcanjo1-300x225.jpg 300w\" sizes=\"(max-width: 450px) 100vw, 450px\" \/><p id=\"caption-attachment-516\" class=\"wp-caption-text\">Par\u00f3quia S\u00e3o Miguel Arcanjo<\/p><\/div>\n<p><strong>Par\u00f3quia S\u00e3o Miguel Arcanjo<\/strong><br \/>\nRua Taquari, 1.100<br \/>\nS\u00e3o Paulo &#8211; SP<br \/>\nCEP 03166-001<br \/>\nTel (11) <strong>2692-6798<\/strong><\/p>\n<p><iframe loading=\"lazy\" src=\"http:\/\/maps.google.com.br\/maps?f=q&amp;hl=pt-BR&amp;geocode=&amp;q=rua+taquari,+1100,+s%C3%A3o+paulo,+sp&amp;sll=-23.547465,-46.594305&amp;sspn=0.009993,0.014806&amp;ie=UTF8&amp;ll=-23.538022,-46.58967&amp;spn=0.009993,0.014806&amp;z=14&amp;iwloc=addr&amp;output=embed&amp;s=AARTsJoXk6Z1vNPQ1IzlHlmcJI-jsZtU8g\" width=\"650\" height=\"550\" frameborder=\"0\" marginwidth=\"0\" marginheight=\"0\" scrolling=\"no\"><\/iframe><br \/>\n<small><a style=\"color: #0000ff; text-align: left;\" href=\"http:\/\/maps.google.com.br\/maps?f=q&amp;hl=pt-BR&amp;geocode=&amp;q=rua+taquari,+1100,+s%C3%A3o+paulo,+sp&amp;sll=-23.547465,-46.594305&amp;sspn=0.009993,0.014806&amp;ie=UTF8&amp;ll=-23.538022,-46.58967&amp;spn=0.009993,0.014806&amp;z=14&amp;iwloc=addr&amp;source=embed\">Exibir mapa ampliado<\/a><\/small><\/p>\n<p><strong>Secretaria<\/strong><br \/>\nInforma\u00e7\u00f5es sobre casamentos, <a href=\"\/site\/index.php\/pastorais-e-servicos\/batismo\">batizados<\/a>, primeira eucaristia<br \/>\nAtendimento:<br \/>\nSegunda, ter\u00e7a, quinta e sexta-feira, das 7h30 \u00e0s 17h30<br \/>\nS\u00e1bado, das 7h30 \u00e0s 11h30<br \/>\nDomingo, ap\u00f3s \u00e0s 17h<\/p>\n<hr \/>\n<div id=\"attachment_561\" style=\"width: 460px\" class=\"wp-caption alignnone\"><img loading=\"lazy\" decoding=\"async\" aria-describedby=\"caption-attachment-561\" class=\"size-full wp-image-561\" title=\"Capela da Universidade S\u00e3o Judas\" src=\"http:\/\/www.oarcanjo.net\/site\/wp-content\/uploads\/foto-capelasaojudas.jpg\" alt=\"Capela da Universidade S\u00e3o Judas\" width=\"450\" height=\"338\" srcset=\"https:\/\/www.oarcanjo.net\/site\/wp-content\/uploads\/foto-capelasaojudas.jpg 450w, https:\/\/www.oarcanjo.net\/site\/wp-content\/uploads\/foto-capelasaojudas-300x225.jpg 300w\" sizes=\"(max-width: 450px) 100vw, 450px\" \/><p id=\"caption-attachment-561\" class=\"wp-caption-text\">Capela da Universidade S\u00e3o Judas<\/p><\/div>\n<p><strong>Capela S\u00e3o Judas Tadeu<\/strong><br \/>\nRua Taquari, 546<br \/>\nS\u00e3o Paulo &#8211; SP<br \/>\nCEP 031660-000<\/p>\n<p>Aberta diariamente das 10h \u00e0s 21h<br \/>\n(n\u00e3o h\u00e1 expediente de secretaria)<\/p>\n<p><iframe loading=\"lazy\" src=\"http:\/\/maps.google.com.br\/maps?f=q&amp;hl=pt-BR&amp;geocode=&amp;q=rua+taquari,+546,+s%C3%A3o+paulo,+sp&amp;sll=-23.547229,-46.594155&amp;sspn=0.009993,0.014806&amp;ie=UTF8&amp;ll=-23.541642,-46.593447&amp;spn=0.009993,0.014806&amp;z=14&amp;iwloc=addr&amp;output=embed&amp;s=AARTsJohf5wMeT_IItg1tzFAVcbogGvdag\" width=\"650\" height=\"550\" frameborder=\"0\" marginwidth=\"0\" marginheight=\"0\" scrolling=\"no\"><\/iframe><br \/>\n<small><a style=\"color: #0000ff; text-align: left;\" href=\"http:\/\/maps.google.com.br\/maps?f=q&amp;hl=pt-BR&amp;geocode=&amp;q=rua+taquari,+546,+s%C3%A3o+paulo,+sp&amp;sll=-23.547229,-46.594155&amp;sspn=0.009993,0.014806&amp;ie=UTF8&amp;ll=-23.541642,-46.593447&amp;spn=0.009993,0.014806&amp;z=14&amp;iwloc=addr&amp;source=embed\">Exibir mapa ampliado<\/a><\/small><\/p>\n<div id=\"themify_builder_content-11\" data-postid=\"11\" class=\"themify_builder_content themify_builder_content-11 themify_builder themify_builder_front\">\n\t<\/div>\n<!-- \/themify_builder_content -->","protected":false},"excerpt":{"rendered":"<p>Par\u00f3quia S\u00e3o Miguel Arcanjo Rua Taquari, 1.100 S\u00e3o Paulo &#8211; SP CEP 03166-001 Tel (11) 2692-6798 Exibir mapa ampliado Secretaria Informa\u00e7\u00f5es sobre casamentos, batizados, primeira eucaristia Atendimento: Segunda, ter\u00e7a, quinta e sexta-feira, das 7h30 \u00e0s 17h30 S\u00e1bado, das 7h30 \u00e0s 11h30 Domingo, ap\u00f3s \u00e0s 17h Capela S\u00e3o Judas Tadeu Rua Taquari, 546 S\u00e3o Paulo &#8211; [&hellip;]<\/p>\n","protected":false},"author":5,"featured_media":0,"parent":0,"menu_order":2,"comment_status":"open","ping_status":"closed","template":"","meta":{"ngg_post_thumbnail":0,"footnotes":""},"yoast_head":"<!-- This site is optimized with the Yoast SEO plugin v23.5 - https:\/\/yoast.com\/wordpress\/plugins\/seo\/ -->\n<title>Informa\u00e7\u00f5es e como chegar - O Arcanjo no ar<\/title>\n<meta name=\"robots\" content=\"index, follow, max-snippet:-1, max-image-preview:large, max-video-preview:-1\" \/>\n<link rel=\"canonical\" href=\"https:\/\/www.oarcanjo.net\/site\/informacoes\/\" \/>\n<meta property=\"og:locale\" content=\"pt_BR\" \/>\n<meta property=\"og:type\" content=\"article\" \/>\n<meta property=\"og:title\" content=\"Informa\u00e7\u00f5es e como chegar - O Arcanjo no ar\" \/>\n<meta property=\"og:description\" content=\"Par\u00f3quia S\u00e3o Miguel Arcanjo Rua Taquari, 1.100 S\u00e3o Paulo &#8211; SP CEP 03166-001 Tel (11) 2692-6798 Exibir mapa ampliado Secretaria Informa\u00e7\u00f5es sobre casamentos, batizados, primeira eucaristia Atendimento: Segunda, ter\u00e7a, quinta e sexta-feira, das 7h30 \u00e0s 17h30 S\u00e1bado, das 7h30 \u00e0s 11h30 Domingo, ap\u00f3s \u00e0s 17h Capela S\u00e3o Judas Tadeu Rua Taquari, 546 S\u00e3o Paulo &#8211; [&hellip;]\" \/>\n<meta property=\"og:url\" content=\"https:\/\/www.oarcanjo.net\/site\/informacoes\/\" \/>\n<meta property=\"og:site_name\" content=\"O Arcanjo no ar\" \/>\n<meta property=\"article:publisher\" content=\"https:\/\/www.facebook.com\/OArcanjoNoAr\/\" \/>\n<meta property=\"article:modified_time\" content=\"2014-09-29T17:16:54+00:00\" \/>\n<meta property=\"og:image\" content=\"http:\/\/www.oarcanjo.net\/site\/wp-content\/uploads\/foto-saomiguelarcanjo1.jpg\" \/>\n<meta name=\"twitter:card\" content=\"summary_large_image\" \/>\n<meta name=\"twitter:label1\" content=\"Est. tempo de leitura\" \/>\n\t<meta name=\"twitter:data1\" content=\"1 minuto\" \/>\n<script type=\"application\/ld+json\" class=\"yoast-schema-graph\">{\"@context\":\"https:\/\/schema.org\",\"@graph\":[{\"@type\":\"WebPage\",\"@id\":\"https:\/\/www.oarcanjo.net\/site\/informacoes\/\",\"url\":\"https:\/\/www.oarcanjo.net\/site\/informacoes\/\",\"name\":\"Informa\u00e7\u00f5es e como chegar - O Arcanjo no ar\",\"isPartOf\":{\"@id\":\"https:\/\/www.oarcanjo.net\/site\/#website\"},\"primaryImageOfPage\":{\"@id\":\"https:\/\/www.oarcanjo.net\/site\/informacoes\/#primaryimage\"},\"image\":{\"@id\":\"https:\/\/www.oarcanjo.net\/site\/informacoes\/#primaryimage\"},\"thumbnailUrl\":\"http:\/\/www.oarcanjo.net\/site\/wp-content\/uploads\/foto-saomiguelarcanjo1.jpg\",\"datePublished\":\"2008-09-23T03:13:37+00:00\",\"dateModified\":\"2014-09-29T17:16:54+00:00\",\"breadcrumb\":{\"@id\":\"https:\/\/www.oarcanjo.net\/site\/informacoes\/#breadcrumb\"},\"inLanguage\":\"pt-BR\",\"potentialAction\":[{\"@type\":\"ReadAction\",\"target\":[\"https:\/\/www.oarcanjo.net\/site\/informacoes\/\"]}]},{\"@type\":\"ImageObject\",\"inLanguage\":\"pt-BR\",\"@id\":\"https:\/\/www.oarcanjo.net\/site\/informacoes\/#primaryimage\",\"url\":\"https:\/\/www.oarcanjo.net\/site\/wp-content\/uploads\/foto-saomiguelarcanjo1.jpg\",\"contentUrl\":\"https:\/\/www.oarcanjo.net\/site\/wp-content\/uploads\/foto-saomiguelarcanjo1.jpg\",\"width\":450,\"height\":338,\"caption\":\"Par\u00f3quia S\u00e3o Miguel Arcanjo\"},{\"@type\":\"BreadcrumbList\",\"@id\":\"https:\/\/www.oarcanjo.net\/site\/informacoes\/#breadcrumb\",\"itemListElement\":[{\"@type\":\"ListItem\",\"position\":1,\"name\":\"In\u00edcio\",\"item\":\"https:\/\/www.oarcanjo.net\/site\/\"},{\"@type\":\"ListItem\",\"position\":2,\"name\":\"Informa\u00e7\u00f5es e como chegar\"}]},{\"@type\":\"WebSite\",\"@id\":\"https:\/\/www.oarcanjo.net\/site\/#website\",\"url\":\"https:\/\/www.oarcanjo.net\/site\/\",\"name\":\"O Arcanjo no ar\",\"description\":\"Site da Par\u00f3quia S\u00e3o Miguel Arcanjo (Arquidiocese de SP)\",\"publisher\":{\"@id\":\"https:\/\/www.oarcanjo.net\/site\/#organization\"},\"potentialAction\":[{\"@type\":\"SearchAction\",\"target\":{\"@type\":\"EntryPoint\",\"urlTemplate\":\"https:\/\/www.oarcanjo.net\/site\/?s={search_term_string}\"},\"query-input\":{\"@type\":\"PropertyValueSpecification\",\"valueRequired\":true,\"valueName\":\"search_term_string\"}}],\"inLanguage\":\"pt-BR\"},{\"@type\":\"Organization\",\"@id\":\"https:\/\/www.oarcanjo.net\/site\/#organization\",\"name\":\"Par\u00f3quia S\u00e3o Miguel Arcanjo\",\"url\":\"https:\/\/www.oarcanjo.net\/site\/\",\"logo\":{\"@type\":\"ImageObject\",\"inLanguage\":\"pt-BR\",\"@id\":\"https:\/\/www.oarcanjo.net\/site\/#\/schema\/logo\/image\/\",\"url\":\"https:\/\/www.oarcanjo.net\/site\/wp-content\/uploads\/LogoOArcanjo.png\",\"contentUrl\":\"https:\/\/www.oarcanjo.net\/site\/wp-content\/uploads\/LogoOArcanjo.png\",\"width\":319,\"height\":99,\"caption\":\"Par\u00f3quia S\u00e3o Miguel Arcanjo\"},\"image\":{\"@id\":\"https:\/\/www.oarcanjo.net\/site\/#\/schema\/logo\/image\/\"},\"sameAs\":[\"https:\/\/www.facebook.com\/OArcanjoNoAr\/\"]}]}<\/script>\n<!-- \/ Yoast SEO plugin. -->","yoast_head_json":{"title":"Informa\u00e7\u00f5es e como chegar - O Arcanjo no ar","robots":{"index":"index","follow":"follow","max-snippet":"max-snippet:-1","max-image-preview":"max-image-preview:large","max-video-preview":"max-video-preview:-1"},"canonical":"https:\/\/www.oarcanjo.net\/site\/informacoes\/","og_locale":"pt_BR","og_type":"article","og_title":"Informa\u00e7\u00f5es e como chegar - O Arcanjo no ar","og_description":"Par\u00f3quia S\u00e3o Miguel Arcanjo Rua Taquari, 1.100 S\u00e3o Paulo &#8211; SP CEP 03166-001 Tel (11) 2692-6798 Exibir mapa ampliado Secretaria Informa\u00e7\u00f5es sobre casamentos, batizados, primeira eucaristia Atendimento: Segunda, ter\u00e7a, quinta e sexta-feira, das 7h30 \u00e0s 17h30 S\u00e1bado, das 7h30 \u00e0s 11h30 Domingo, ap\u00f3s \u00e0s 17h Capela S\u00e3o Judas Tadeu Rua Taquari, 546 S\u00e3o Paulo &#8211; [&hellip;]","og_url":"https:\/\/www.oarcanjo.net\/site\/informacoes\/","og_site_name":"O Arcanjo no ar","article_publisher":"https:\/\/www.facebook.com\/OArcanjoNoAr\/","article_modified_time":"2014-09-29T17:16:54+00:00","og_image":[{"url":"http:\/\/www.oarcanjo.net\/site\/wp-content\/uploads\/foto-saomiguelarcanjo1.jpg"}],"twitter_card":"summary_large_image","twitter_misc":{"Est. tempo de leitura":"1 minuto"},"schema":{"@context":"https:\/\/schema.org","@graph":[{"@type":"WebPage","@id":"https:\/\/www.oarcanjo.net\/site\/informacoes\/","url":"https:\/\/www.oarcanjo.net\/site\/informacoes\/","name":"Informa\u00e7\u00f5es e como chegar - O Arcanjo no ar","isPartOf":{"@id":"https:\/\/www.oarcanjo.net\/site\/#website"},"primaryImageOfPage":{"@id":"https:\/\/www.oarcanjo.net\/site\/informacoes\/#primaryimage"},"image":{"@id":"https:\/\/www.oarcanjo.net\/site\/informacoes\/#primaryimage"},"thumbnailUrl":"http:\/\/www.oarcanjo.net\/site\/wp-content\/uploads\/foto-saomiguelarcanjo1.jpg","datePublished":"2008-09-23T03:13:37+00:00","dateModified":"2014-09-29T17:16:54+00:00","breadcrumb":{"@id":"https:\/\/www.oarcanjo.net\/site\/informacoes\/#breadcrumb"},"inLanguage":"pt-BR","potentialAction":[{"@type":"ReadAction","target":["https:\/\/www.oarcanjo.net\/site\/informacoes\/"]}]},{"@type":"ImageObject","inLanguage":"pt-BR","@id":"https:\/\/www.oarcanjo.net\/site\/informacoes\/#primaryimage","url":"https:\/\/www.oarcanjo.net\/site\/wp-content\/uploads\/foto-saomiguelarcanjo1.jpg","contentUrl":"https:\/\/www.oarcanjo.net\/site\/wp-content\/uploads\/foto-saomiguelarcanjo1.jpg","width":450,"height":338,"caption":"Par\u00f3quia S\u00e3o Miguel Arcanjo"},{"@type":"BreadcrumbList","@id":"https:\/\/www.oarcanjo.net\/site\/informacoes\/#breadcrumb","itemListElement":[{"@type":"ListItem","position":1,"name":"In\u00edcio","item":"https:\/\/www.oarcanjo.net\/site\/"},{"@type":"ListItem","position":2,"name":"Informa\u00e7\u00f5es e como chegar"}]},{"@type":"WebSite","@id":"https:\/\/www.oarcanjo.net\/site\/#website","url":"https:\/\/www.oarcanjo.net\/site\/","name":"O Arcanjo no ar","description":"Site da Par\u00f3quia S\u00e3o Miguel Arcanjo (Arquidiocese de SP)","publisher":{"@id":"https:\/\/www.oarcanjo.net\/site\/#organization"},"potentialAction":[{"@type":"SearchAction","target":{"@type":"EntryPoint","urlTemplate":"https:\/\/www.oarcanjo.net\/site\/?s={search_term_string}"},"query-input":{"@type":"PropertyValueSpecification","valueRequired":true,"valueName":"search_term_string"}}],"inLanguage":"pt-BR"},{"@type":"Organization","@id":"https:\/\/www.oarcanjo.net\/site\/#organization","name":"Par\u00f3quia S\u00e3o Miguel Arcanjo","url":"https:\/\/www.oarcanjo.net\/site\/","logo":{"@type":"ImageObject","inLanguage":"pt-BR","@id":"https:\/\/www.oarcanjo.net\/site\/#\/schema\/logo\/image\/","url":"https:\/\/www.oarcanjo.net\/site\/wp-content\/uploads\/LogoOArcanjo.png","contentUrl":"https:\/\/www.oarcanjo.net\/site\/wp-content\/uploads\/LogoOArcanjo.png","width":319,"height":99,"caption":"Par\u00f3quia S\u00e3o Miguel Arcanjo"},"image":{"@id":"https:\/\/www.oarcanjo.net\/site\/#\/schema\/logo\/image\/"},"sameAs":["https:\/\/www.facebook.com\/OArcanjoNoAr\/"]}]}},"publishpress_future_action":{"enabled":false,"date":"2026-05-06 05:49:22","action":"category","newStatus":"draft","terms":[],"taxonomy":""},"publishpress_future_workflow_manual_trigger":{"enabledWorkflows":[]},"_links":{"self":[{"href":"https:\/\/www.oarcanjo.net\/site\/wp-json\/wp\/v2\/pages\/11"}],"collection":[{"href":"https:\/\/www.oarcanjo.net\/site\/wp-json\/wp\/v2\/pages"}],"about":[{"href":"https:\/\/www.oarcanjo.net\/site\/wp-json\/wp\/v2\/types\/page"}],"author":[{"embeddable":true,"href":"https:\/\/www.oarcanjo.net\/site\/wp-json\/wp\/v2\/users\/5"}],"replies":[{"embeddable":true,"href":"https:\/\/www.oarcanjo.net\/site\/wp-json\/wp\/v2\/comments?post=11"}],"version-history":[{"count":0,"href":"https:\/\/www.oarcanjo.net\/site\/wp-json\/wp\/v2\/pages\/11\/revisions"}],"wp:attachment":[{"href":"https:\/\/www.oarcanjo.net\/site\/wp-json\/wp\/v2\/media?parent=11"}],"curies":[{"name":"wp","href":"https:\/\/api.w.org\/{rel}","templated":true}]}}