
{"id":13,"date":"2008-09-23T00:14:05","date_gmt":"2008-09-23T03:14:05","guid":{"rendered":"http:\/\/www.oarcanjo.net\/site\/?page_id=13"},"modified":"2014-09-29T14:17:30","modified_gmt":"2014-09-29T17:17:30","slug":"pastorais-e-servicos","status":"publish","type":"page","link":"https:\/\/www.oarcanjo.net\/site\/pastorais-e-servicos\/","title":{"rendered":"Pastorais e servi\u00e7os"},"content":{"rendered":"<p><strong>Evangeliza\u00e7\u00e3o e forma\u00e7\u00e3o religiosa<\/strong><br \/>\nCatequese, <a href=\"\/site\/index.php\/pastorais-e-servicos\/batismo\">Batismo<\/a>, Primeira Eucaristia, Crisma, Catequese de Adultos<br \/>\n<a href=\"\/site\/index.php\/rosto\/grupo-arco-iris\/\">Grupos de rua<\/a>, Novena de Natal, Quaresma, Campanha da Fraternidade<br \/>\nCursos de Forma\u00e7\u00e3o Religiosa<br \/>\nGrupo de Jovens (Perseveran\u00e7a)<\/p>\n<p><strong>Minist\u00e9rios Leigos<\/strong><br \/>\nda Acolhida<br \/>\nda Palavra<br \/>\n<a href=\"http:\/\/www.oarcanjo.net\/site\/index.php\/pastorais-e-servicos\/pastoral-da-esperanca-2\/\" target=\"_self\">da Esperan\u00e7a<\/a><br \/>\nde Liturgia e de Canto Pastoral<br \/>\nMinist\u00e9rio Extraordin\u00e1rio da Sagrada Comunh\u00e3o<\/p>\n<p><strong>Promo\u00e7\u00e3o Humana e Social<\/strong><br \/>\nPastoral da Popula\u00e7\u00e3o de Rua<br \/>\n<a href=\"http:\/\/www.oarcanjo.net\/site\/index.php\/pastorais-e-servicos\/pastoral-da-crianca\">Pastoral da Crian\u00e7a<\/a><br \/>\nPastoral da Sa\u00fade<br \/>\nVisita\u00e7\u00e3o a doentes e idosos<br \/>\nOficinas de costura, pintura, tric\u00f4 e croch\u00ea (bazares)<br \/>\nAAA e NA<\/p>\n<p><strong>Infra-estrutura<\/strong><br \/>\nPastoral do D\u00edzimo<\/p>\n<div id=\"themify_builder_content-13\" data-postid=\"13\" class=\"themify_builder_content themify_builder_content-13 themify_builder themify_builder_front\">\n\t<\/div>\n<!-- \/themify_builder_content -->","protected":false},"excerpt":{"rendered":"<p>Evangeliza\u00e7\u00e3o e forma\u00e7\u00e3o religiosa Catequese, Batismo, Primeira Eucaristia, Crisma, Catequese de Adultos Grupos de rua, Novena de Natal, Quaresma, Campanha da Fraternidade Cursos de Forma\u00e7\u00e3o Religiosa Grupo de Jovens (Perseveran\u00e7a) Minist\u00e9rios Leigos da Acolhida da Palavra da Esperan\u00e7a de Liturgia e de Canto Pastoral Minist\u00e9rio Extraordin\u00e1rio da Sagrada Comunh\u00e3o Promo\u00e7\u00e3o Humana e Social Pastoral da [&hellip;]<\/p>\n","protected":false},"author":5,"featured_media":0,"parent":0,"menu_order":5,"comment_status":"open","ping_status":"closed","template":"","meta":{"ngg_post_thumbnail":0,"footnotes":""},"yoast_head":"<!-- This site is optimized with the Yoast SEO plugin v23.5 - https:\/\/yoast.com\/wordpress\/plugins\/seo\/ -->\n<title>Pastorais e servi\u00e7os - O Arcanjo no ar<\/title>\n<meta name=\"robots\" content=\"index, follow, max-snippet:-1, max-image-preview:large, max-video-preview:-1\" \/>\n<link rel=\"canonical\" href=\"https:\/\/www.oarcanjo.net\/site\/pastorais-e-servicos\/\" \/>\n<meta property=\"og:locale\" content=\"pt_BR\" \/>\n<meta property=\"og:type\" content=\"article\" \/>\n<meta property=\"og:title\" content=\"Pastorais e servi\u00e7os - O Arcanjo no ar\" \/>\n<meta property=\"og:description\" content=\"Evangeliza\u00e7\u00e3o e forma\u00e7\u00e3o religiosa Catequese, Batismo, Primeira Eucaristia, Crisma, Catequese de Adultos Grupos de rua, Novena de Natal, Quaresma, Campanha da Fraternidade Cursos de Forma\u00e7\u00e3o Religiosa Grupo de Jovens (Perseveran\u00e7a) Minist\u00e9rios Leigos da Acolhida da Palavra da Esperan\u00e7a de Liturgia e de Canto Pastoral Minist\u00e9rio Extraordin\u00e1rio da Sagrada Comunh\u00e3o Promo\u00e7\u00e3o Humana e Social Pastoral da [&hellip;]\" \/>\n<meta property=\"og:url\" content=\"https:\/\/www.oarcanjo.net\/site\/pastorais-e-servicos\/\" \/>\n<meta property=\"og:site_name\" content=\"O Arcanjo no ar\" \/>\n<meta property=\"article:publisher\" content=\"https:\/\/www.facebook.com\/OArcanjoNoAr\/\" \/>\n<meta property=\"article:modified_time\" content=\"2014-09-29T17:17:30+00:00\" \/>\n<meta property=\"og:image\" content=\"https:\/\/www.oarcanjo.net\/site\/wp-content\/uploads\/logo-o-arcanjo-no-ar-facebook.png\" \/>\n\t<meta property=\"og:image:width\" content=\"300\" \/>\n\t<meta property=\"og:image:height\" content=\"300\" \/>\n\t<meta property=\"og:image:type\" content=\"image\/png\" \/>\n<meta name=\"twitter:card\" content=\"summary_large_image\" \/>\n<script type=\"application\/ld+json\" class=\"yoast-schema-graph\">{\"@context\":\"https:\/\/schema.org\",\"@graph\":[{\"@type\":\"WebPage\",\"@id\":\"https:\/\/www.oarcanjo.net\/site\/pastorais-e-servicos\/\",\"url\":\"https:\/\/www.oarcanjo.net\/site\/pastorais-e-servicos\/\",\"name\":\"Pastorais e servi\u00e7os - O Arcanjo no ar\",\"isPartOf\":{\"@id\":\"https:\/\/www.oarcanjo.net\/site\/#website\"},\"datePublished\":\"2008-09-23T03:14:05+00:00\",\"dateModified\":\"2014-09-29T17:17:30+00:00\",\"breadcrumb\":{\"@id\":\"https:\/\/www.oarcanjo.net\/site\/pastorais-e-servicos\/#breadcrumb\"},\"inLanguage\":\"pt-BR\",\"potentialAction\":[{\"@type\":\"ReadAction\",\"target\":[\"https:\/\/www.oarcanjo.net\/site\/pastorais-e-servicos\/\"]}]},{\"@type\":\"BreadcrumbList\",\"@id\":\"https:\/\/www.oarcanjo.net\/site\/pastorais-e-servicos\/#breadcrumb\",\"itemListElement\":[{\"@type\":\"ListItem\",\"position\":1,\"name\":\"In\u00edcio\",\"item\":\"https:\/\/www.oarcanjo.net\/site\/\"},{\"@type\":\"ListItem\",\"position\":2,\"name\":\"Pastorais e servi\u00e7os\"}]},{\"@type\":\"WebSite\",\"@id\":\"https:\/\/www.oarcanjo.net\/site\/#website\",\"url\":\"https:\/\/www.oarcanjo.net\/site\/\",\"name\":\"O Arcanjo no ar\",\"description\":\"Site da Par\u00f3quia S\u00e3o Miguel Arcanjo (Arquidiocese de SP)\",\"publisher\":{\"@id\":\"https:\/\/www.oarcanjo.net\/site\/#organization\"},\"potentialAction\":[{\"@type\":\"SearchAction\",\"target\":{\"@type\":\"EntryPoint\",\"urlTemplate\":\"https:\/\/www.oarcanjo.net\/site\/?s={search_term_string}\"},\"query-input\":{\"@type\":\"PropertyValueSpecification\",\"valueRequired\":true,\"valueName\":\"search_term_string\"}}],\"inLanguage\":\"pt-BR\"},{\"@type\":\"Organization\",\"@id\":\"https:\/\/www.oarcanjo.net\/site\/#organization\",\"name\":\"Par\u00f3quia S\u00e3o Miguel Arcanjo\",\"url\":\"https:\/\/www.oarcanjo.net\/site\/\",\"logo\":{\"@type\":\"ImageObject\",\"inLanguage\":\"pt-BR\",\"@id\":\"https:\/\/www.oarcanjo.net\/site\/#\/schema\/logo\/image\/\",\"url\":\"https:\/\/www.oarcanjo.net\/site\/wp-content\/uploads\/LogoOArcanjo.png\",\"contentUrl\":\"https:\/\/www.oarcanjo.net\/site\/wp-content\/uploads\/LogoOArcanjo.png\",\"width\":319,\"height\":99,\"caption\":\"Par\u00f3quia S\u00e3o Miguel Arcanjo\"},\"image\":{\"@id\":\"https:\/\/www.oarcanjo.net\/site\/#\/schema\/logo\/image\/\"},\"sameAs\":[\"https:\/\/www.facebook.com\/OArcanjoNoAr\/\"]}]}<\/script>\n<!-- \/ Yoast SEO plugin. -->","yoast_head_json":{"title":"Pastorais e servi\u00e7os - O Arcanjo no ar","robots":{"index":"index","follow":"follow","max-snippet":"max-snippet:-1","max-image-preview":"max-image-preview:large","max-video-preview":"max-video-preview:-1"},"canonical":"https:\/\/www.oarcanjo.net\/site\/pastorais-e-servicos\/","og_locale":"pt_BR","og_type":"article","og_title":"Pastorais e servi\u00e7os - O Arcanjo no ar","og_description":"Evangeliza\u00e7\u00e3o e forma\u00e7\u00e3o religiosa Catequese, Batismo, Primeira Eucaristia, Crisma, Catequese de Adultos Grupos de rua, Novena de Natal, Quaresma, Campanha da Fraternidade Cursos de Forma\u00e7\u00e3o Religiosa Grupo de Jovens (Perseveran\u00e7a) Minist\u00e9rios Leigos da Acolhida da Palavra da Esperan\u00e7a de Liturgia e de Canto Pastoral Minist\u00e9rio Extraordin\u00e1rio da Sagrada Comunh\u00e3o Promo\u00e7\u00e3o Humana e Social Pastoral da [&hellip;]","og_url":"https:\/\/www.oarcanjo.net\/site\/pastorais-e-servicos\/","og_site_name":"O Arcanjo no ar","article_publisher":"https:\/\/www.facebook.com\/OArcanjoNoAr\/","article_modified_time":"2014-09-29T17:17:30+00:00","og_image":[{"width":300,"height":300,"url":"https:\/\/www.oarcanjo.net\/site\/wp-content\/uploads\/logo-o-arcanjo-no-ar-facebook.png","type":"image\/png"}],"twitter_card":"summary_large_image","schema":{"@context":"https:\/\/schema.org","@graph":[{"@type":"WebPage","@id":"https:\/\/www.oarcanjo.net\/site\/pastorais-e-servicos\/","url":"https:\/\/www.oarcanjo.net\/site\/pastorais-e-servicos\/","name":"Pastorais e servi\u00e7os - O Arcanjo no ar","isPartOf":{"@id":"https:\/\/www.oarcanjo.net\/site\/#website"},"datePublished":"2008-09-23T03:14:05+00:00","dateModified":"2014-09-29T17:17:30+00:00","breadcrumb":{"@id":"https:\/\/www.oarcanjo.net\/site\/pastorais-e-servicos\/#breadcrumb"},"inLanguage":"pt-BR","potentialAction":[{"@type":"ReadAction","target":["https:\/\/www.oarcanjo.net\/site\/pastorais-e-servicos\/"]}]},{"@type":"BreadcrumbList","@id":"https:\/\/www.oarcanjo.net\/site\/pastorais-e-servicos\/#breadcrumb","itemListElement":[{"@type":"ListItem","position":1,"name":"In\u00edcio","item":"https:\/\/www.oarcanjo.net\/site\/"},{"@type":"ListItem","position":2,"name":"Pastorais e servi\u00e7os"}]},{"@type":"WebSite","@id":"https:\/\/www.oarcanjo.net\/site\/#website","url":"https:\/\/www.oarcanjo.net\/site\/","name":"O Arcanjo no ar","description":"Site da Par\u00f3quia S\u00e3o Miguel Arcanjo (Arquidiocese de SP)","publisher":{"@id":"https:\/\/www.oarcanjo.net\/site\/#organization"},"potentialAction":[{"@type":"SearchAction","target":{"@type":"EntryPoint","urlTemplate":"https:\/\/www.oarcanjo.net\/site\/?s={search_term_string}"},"query-input":{"@type":"PropertyValueSpecification","valueRequired":true,"valueName":"search_term_string"}}],"inLanguage":"pt-BR"},{"@type":"Organization","@id":"https:\/\/www.oarcanjo.net\/site\/#organization","name":"Par\u00f3quia S\u00e3o Miguel Arcanjo","url":"https:\/\/www.oarcanjo.net\/site\/","logo":{"@type":"ImageObject","inLanguage":"pt-BR","@id":"https:\/\/www.oarcanjo.net\/site\/#\/schema\/logo\/image\/","url":"https:\/\/www.oarcanjo.net\/site\/wp-content\/uploads\/LogoOArcanjo.png","contentUrl":"https:\/\/www.oarcanjo.net\/site\/wp-content\/uploads\/LogoOArcanjo.png","width":319,"height":99,"caption":"Par\u00f3quia S\u00e3o Miguel Arcanjo"},"image":{"@id":"https:\/\/www.oarcanjo.net\/site\/#\/schema\/logo\/image\/"},"sameAs":["https:\/\/www.facebook.com\/OArcanjoNoAr\/"]}]}},"publishpress_future_action":{"enabled":false,"date":"2026-05-13 07:15:55","action":"category","newStatus":"draft","terms":[],"taxonomy":""},"publishpress_future_workflow_manual_trigger":{"enabledWorkflows":[]},"_links":{"self":[{"href":"https:\/\/www.oarcanjo.net\/site\/wp-json\/wp\/v2\/pages\/13"}],"collection":[{"href":"https:\/\/www.oarcanjo.net\/site\/wp-json\/wp\/v2\/pages"}],"about":[{"href":"https:\/\/www.oarcanjo.net\/site\/wp-json\/wp\/v2\/types\/page"}],"author":[{"embeddable":true,"href":"https:\/\/www.oarcanjo.net\/site\/wp-json\/wp\/v2\/users\/5"}],"replies":[{"embeddable":true,"href":"https:\/\/www.oarcanjo.net\/site\/wp-json\/wp\/v2\/comments?post=13"}],"version-history":[{"count":0,"href":"https:\/\/www.oarcanjo.net\/site\/wp-json\/wp\/v2\/pages\/13\/revisions"}],"wp:attachment":[{"href":"https:\/\/www.oarcanjo.net\/site\/wp-json\/wp\/v2\/media?parent=13"}],"curies":[{"name":"wp","href":"https:\/\/api.w.org\/{rel}","templated":true}]}}