
{"id":1899,"date":"2009-02-17T11:56:59","date_gmt":"2009-02-17T14:56:59","guid":{"rendered":"http:\/\/www.oarcanjo.net\/site\/?page_id=1899"},"modified":"2014-09-28T21:32:37","modified_gmt":"2014-09-29T00:32:37","slug":"pastoral-da-crianca","status":"publish","type":"page","link":"https:\/\/www.oarcanjo.net\/site\/pastorais-e-servicos\/pastoral-da-crianca\/","title":{"rendered":"Pastoral da Crian\u00e7a"},"content":{"rendered":"<p>A Pastoral da Crian\u00e7a, organismo de A\u00e7\u00e3o Social da CNBB \u2013 Confer\u00eancia Nacional dos Bispos do Brasil \u00e9 uma sociedade civil de direito privado, sem fins lucrativos e de natureza filantr\u00f3pica, com dura\u00e7\u00e3o ilimitada, de acordo com Estatuto da Pastoral da Crian\u00e7a em seu Artigo 1\u00ba.<\/p>\n<p>Tem por objetivo o desenvolvimento integral das crian\u00e7as com idade at\u00e9 6 (seis) anos e gestantes, promovendo tamb\u00e9m suas fam\u00edlias e comunidades, sem distin\u00e7\u00e3o de ra\u00e7a, cor, profiss\u00e3o, nacionalidade, sexo, credo religioso ou pol\u00edtico (Artigo 2\u00ba).<\/p>\n<p>A Pastoral da Crian\u00e7a nas comunidades se d\u00e1 por a\u00e7\u00f5es b\u00e1sicas de SA\u00daDE (acompanhamento das vacinas e observa\u00e7\u00e3o da sa\u00fade da crian\u00e7a); NUTRI\u00c7\u00c3O (orienta\u00e7\u00e3o da alimenta\u00e7\u00e3o para cada idade com \u00eanfase na amamenta\u00e7\u00e3o); EDUCA\u00c7\u00c3O (acompanhamento do desenvolvimento da crian\u00e7a por idade); e Cidadania, visando a garantia de VIDA EM ABUND\u00c2NCIA, que forma a base de todo o trabalho.<\/p>\n<p>As a\u00e7\u00f5es se desenvolvem por L\u00edderes Comunit\u00e1rios, volunt\u00e1rios capacitados com base no Guia do L\u00edder pela Pastoral da Crian\u00e7a da Crian\u00e7a. Devem ter disponibilidade de tempo para as atividades de acompanhamento da crian\u00e7a por meio da visita domiciliar, celebra\u00e7\u00e3o da vida no dia da pesagem e participa\u00e7\u00e3o de reflex\u00e3o e avalia\u00e7\u00e3o. Devem possuir um perfil de saber ouvir, observar, acatar, sorrir e ter um bom cora\u00e7\u00e3o, al\u00e9m da vontade na melhoria das condi\u00e7\u00f5es de vida das fam\u00edlias.<\/p>\n<p>Al\u00e9m disso, \u00e9 importante que morem na comunidade ou nas proximidades e que conhe\u00e7am tamb\u00e9m a realidade da comunidade. Tenham capacidade de somar esfor\u00e7os e compartilhar. Cada um acompanha at\u00e9 15 (quinze) crian\u00e7as.<\/p>\n<p>Jesus em Jo\u00e3o (Jo 10,10) nos apresenta uma MISS\u00c3O quando nos diz: \u201dEu vim para que todos tenham vida e a tenham em abund\u00e2ncia\u201d. Ele prop\u00f4s n\u00e3o salvar somente as vidas das crian\u00e7as e cuidar de sua boa alimenta\u00e7\u00e3o, mas fazer com que elas sejam felizes e capaz de amar em toda sua vida, pois o amor \u00e9 o maior mandamento de Deus.<\/p>\n<p>Venha participar como colaborador(a) ou se torne um(a) l\u00edder da <strong>Pastoral da Crian\u00e7a<\/strong>!<\/p>\n<p><em>Texto elaborado por Deolinda C.S.Gomes, L\u00edder da Pastoral da Crian\u00e7a, Coordenadora de Ramo (Par\u00f3quia)<\/em><\/p>\n<div id=\"themify_builder_content-1899\" data-postid=\"1899\" class=\"themify_builder_content themify_builder_content-1899 themify_builder themify_builder_front\">\n\t<\/div>\n<!-- \/themify_builder_content -->","protected":false},"excerpt":{"rendered":"<p>A Pastoral da Crian\u00e7a, organismo de A\u00e7\u00e3o Social da CNBB \u2013 Confer\u00eancia Nacional dos Bispos do Brasil \u00e9 uma sociedade civil de direito privado, sem fins lucrativos e de natureza filantr\u00f3pica, com dura\u00e7\u00e3o ilimitada, de acordo com Estatuto da Pastoral da Crian\u00e7a em seu Artigo 1\u00ba. Tem por objetivo o desenvolvimento integral das crian\u00e7as com [&hellip;]<\/p>\n","protected":false},"author":5,"featured_media":0,"parent":13,"menu_order":0,"comment_status":"open","ping_status":"closed","template":"","meta":{"ngg_post_thumbnail":0,"footnotes":""},"yoast_head":"<!-- This site is optimized with the Yoast SEO plugin v23.5 - https:\/\/yoast.com\/wordpress\/plugins\/seo\/ -->\n<title>Pastoral da Crian\u00e7a - O Arcanjo no ar<\/title>\n<meta name=\"robots\" content=\"index, follow, max-snippet:-1, max-image-preview:large, max-video-preview:-1\" \/>\n<link rel=\"canonical\" href=\"https:\/\/www.oarcanjo.net\/site\/pastorais-e-servicos\/pastoral-da-crianca\/\" \/>\n<meta property=\"og:locale\" content=\"pt_BR\" \/>\n<meta property=\"og:type\" content=\"article\" \/>\n<meta property=\"og:title\" content=\"Pastoral da Crian\u00e7a - O Arcanjo no ar\" \/>\n<meta property=\"og:description\" content=\"A Pastoral da Crian\u00e7a, organismo de A\u00e7\u00e3o Social da CNBB \u2013 Confer\u00eancia Nacional dos Bispos do Brasil \u00e9 uma sociedade civil de direito privado, sem fins lucrativos e de natureza filantr\u00f3pica, com dura\u00e7\u00e3o ilimitada, de acordo com Estatuto da Pastoral da Crian\u00e7a em seu Artigo 1\u00ba. Tem por objetivo o desenvolvimento integral das crian\u00e7as com [&hellip;]\" \/>\n<meta property=\"og:url\" content=\"https:\/\/www.oarcanjo.net\/site\/pastorais-e-servicos\/pastoral-da-crianca\/\" \/>\n<meta property=\"og:site_name\" content=\"O Arcanjo no ar\" \/>\n<meta property=\"article:publisher\" content=\"https:\/\/www.facebook.com\/OArcanjoNoAr\/\" \/>\n<meta property=\"article:modified_time\" content=\"2014-09-29T00:32:37+00:00\" \/>\n<meta property=\"og:image\" content=\"https:\/\/www.oarcanjo.net\/site\/wp-content\/uploads\/logo-o-arcanjo-no-ar-facebook.png\" \/>\n\t<meta property=\"og:image:width\" content=\"300\" \/>\n\t<meta property=\"og:image:height\" content=\"300\" \/>\n\t<meta property=\"og:image:type\" content=\"image\/png\" \/>\n<meta name=\"twitter:card\" content=\"summary_large_image\" \/>\n<meta name=\"twitter:label1\" content=\"Est. tempo de leitura\" \/>\n\t<meta name=\"twitter:data1\" content=\"2 minutos\" \/>\n<script type=\"application\/ld+json\" class=\"yoast-schema-graph\">{\"@context\":\"https:\/\/schema.org\",\"@graph\":[{\"@type\":\"WebPage\",\"@id\":\"https:\/\/www.oarcanjo.net\/site\/pastorais-e-servicos\/pastoral-da-crianca\/\",\"url\":\"https:\/\/www.oarcanjo.net\/site\/pastorais-e-servicos\/pastoral-da-crianca\/\",\"name\":\"Pastoral da Crian\u00e7a - O Arcanjo no ar\",\"isPartOf\":{\"@id\":\"https:\/\/www.oarcanjo.net\/site\/#website\"},\"datePublished\":\"2009-02-17T14:56:59+00:00\",\"dateModified\":\"2014-09-29T00:32:37+00:00\",\"breadcrumb\":{\"@id\":\"https:\/\/www.oarcanjo.net\/site\/pastorais-e-servicos\/pastoral-da-crianca\/#breadcrumb\"},\"inLanguage\":\"pt-BR\",\"potentialAction\":[{\"@type\":\"ReadAction\",\"target\":[\"https:\/\/www.oarcanjo.net\/site\/pastorais-e-servicos\/pastoral-da-crianca\/\"]}]},{\"@type\":\"BreadcrumbList\",\"@id\":\"https:\/\/www.oarcanjo.net\/site\/pastorais-e-servicos\/pastoral-da-crianca\/#breadcrumb\",\"itemListElement\":[{\"@type\":\"ListItem\",\"position\":1,\"name\":\"In\u00edcio\",\"item\":\"https:\/\/www.oarcanjo.net\/site\/\"},{\"@type\":\"ListItem\",\"position\":2,\"name\":\"Pastorais e servi\u00e7os\",\"item\":\"https:\/\/www.oarcanjo.net\/site\/pastorais-e-servicos\/\"},{\"@type\":\"ListItem\",\"position\":3,\"name\":\"Pastoral da Crian\u00e7a\"}]},{\"@type\":\"WebSite\",\"@id\":\"https:\/\/www.oarcanjo.net\/site\/#website\",\"url\":\"https:\/\/www.oarcanjo.net\/site\/\",\"name\":\"O Arcanjo no ar\",\"description\":\"Site da Par\u00f3quia S\u00e3o Miguel Arcanjo (Arquidiocese de SP)\",\"publisher\":{\"@id\":\"https:\/\/www.oarcanjo.net\/site\/#organization\"},\"potentialAction\":[{\"@type\":\"SearchAction\",\"target\":{\"@type\":\"EntryPoint\",\"urlTemplate\":\"https:\/\/www.oarcanjo.net\/site\/?s={search_term_string}\"},\"query-input\":{\"@type\":\"PropertyValueSpecification\",\"valueRequired\":true,\"valueName\":\"search_term_string\"}}],\"inLanguage\":\"pt-BR\"},{\"@type\":\"Organization\",\"@id\":\"https:\/\/www.oarcanjo.net\/site\/#organization\",\"name\":\"Par\u00f3quia S\u00e3o Miguel Arcanjo\",\"url\":\"https:\/\/www.oarcanjo.net\/site\/\",\"logo\":{\"@type\":\"ImageObject\",\"inLanguage\":\"pt-BR\",\"@id\":\"https:\/\/www.oarcanjo.net\/site\/#\/schema\/logo\/image\/\",\"url\":\"https:\/\/www.oarcanjo.net\/site\/wp-content\/uploads\/LogoOArcanjo.png\",\"contentUrl\":\"https:\/\/www.oarcanjo.net\/site\/wp-content\/uploads\/LogoOArcanjo.png\",\"width\":319,\"height\":99,\"caption\":\"Par\u00f3quia S\u00e3o Miguel Arcanjo\"},\"image\":{\"@id\":\"https:\/\/www.oarcanjo.net\/site\/#\/schema\/logo\/image\/\"},\"sameAs\":[\"https:\/\/www.facebook.com\/OArcanjoNoAr\/\"]}]}<\/script>\n<!-- \/ Yoast SEO plugin. -->","yoast_head_json":{"title":"Pastoral da Crian\u00e7a - O Arcanjo no ar","robots":{"index":"index","follow":"follow","max-snippet":"max-snippet:-1","max-image-preview":"max-image-preview:large","max-video-preview":"max-video-preview:-1"},"canonical":"https:\/\/www.oarcanjo.net\/site\/pastorais-e-servicos\/pastoral-da-crianca\/","og_locale":"pt_BR","og_type":"article","og_title":"Pastoral da Crian\u00e7a - O Arcanjo no ar","og_description":"A Pastoral da Crian\u00e7a, organismo de A\u00e7\u00e3o Social da CNBB \u2013 Confer\u00eancia Nacional dos Bispos do Brasil \u00e9 uma sociedade civil de direito privado, sem fins lucrativos e de natureza filantr\u00f3pica, com dura\u00e7\u00e3o ilimitada, de acordo com Estatuto da Pastoral da Crian\u00e7a em seu Artigo 1\u00ba. Tem por objetivo o desenvolvimento integral das crian\u00e7as com [&hellip;]","og_url":"https:\/\/www.oarcanjo.net\/site\/pastorais-e-servicos\/pastoral-da-crianca\/","og_site_name":"O Arcanjo no ar","article_publisher":"https:\/\/www.facebook.com\/OArcanjoNoAr\/","article_modified_time":"2014-09-29T00:32:37+00:00","og_image":[{"width":300,"height":300,"url":"https:\/\/www.oarcanjo.net\/site\/wp-content\/uploads\/logo-o-arcanjo-no-ar-facebook.png","type":"image\/png"}],"twitter_card":"summary_large_image","twitter_misc":{"Est. tempo de leitura":"2 minutos"},"schema":{"@context":"https:\/\/schema.org","@graph":[{"@type":"WebPage","@id":"https:\/\/www.oarcanjo.net\/site\/pastorais-e-servicos\/pastoral-da-crianca\/","url":"https:\/\/www.oarcanjo.net\/site\/pastorais-e-servicos\/pastoral-da-crianca\/","name":"Pastoral da Crian\u00e7a - O Arcanjo no ar","isPartOf":{"@id":"https:\/\/www.oarcanjo.net\/site\/#website"},"datePublished":"2009-02-17T14:56:59+00:00","dateModified":"2014-09-29T00:32:37+00:00","breadcrumb":{"@id":"https:\/\/www.oarcanjo.net\/site\/pastorais-e-servicos\/pastoral-da-crianca\/#breadcrumb"},"inLanguage":"pt-BR","potentialAction":[{"@type":"ReadAction","target":["https:\/\/www.oarcanjo.net\/site\/pastorais-e-servicos\/pastoral-da-crianca\/"]}]},{"@type":"BreadcrumbList","@id":"https:\/\/www.oarcanjo.net\/site\/pastorais-e-servicos\/pastoral-da-crianca\/#breadcrumb","itemListElement":[{"@type":"ListItem","position":1,"name":"In\u00edcio","item":"https:\/\/www.oarcanjo.net\/site\/"},{"@type":"ListItem","position":2,"name":"Pastorais e servi\u00e7os","item":"https:\/\/www.oarcanjo.net\/site\/pastorais-e-servicos\/"},{"@type":"ListItem","position":3,"name":"Pastoral da Crian\u00e7a"}]},{"@type":"WebSite","@id":"https:\/\/www.oarcanjo.net\/site\/#website","url":"https:\/\/www.oarcanjo.net\/site\/","name":"O Arcanjo no ar","description":"Site da Par\u00f3quia S\u00e3o Miguel Arcanjo (Arquidiocese de SP)","publisher":{"@id":"https:\/\/www.oarcanjo.net\/site\/#organization"},"potentialAction":[{"@type":"SearchAction","target":{"@type":"EntryPoint","urlTemplate":"https:\/\/www.oarcanjo.net\/site\/?s={search_term_string}"},"query-input":{"@type":"PropertyValueSpecification","valueRequired":true,"valueName":"search_term_string"}}],"inLanguage":"pt-BR"},{"@type":"Organization","@id":"https:\/\/www.oarcanjo.net\/site\/#organization","name":"Par\u00f3quia S\u00e3o Miguel Arcanjo","url":"https:\/\/www.oarcanjo.net\/site\/","logo":{"@type":"ImageObject","inLanguage":"pt-BR","@id":"https:\/\/www.oarcanjo.net\/site\/#\/schema\/logo\/image\/","url":"https:\/\/www.oarcanjo.net\/site\/wp-content\/uploads\/LogoOArcanjo.png","contentUrl":"https:\/\/www.oarcanjo.net\/site\/wp-content\/uploads\/LogoOArcanjo.png","width":319,"height":99,"caption":"Par\u00f3quia S\u00e3o Miguel Arcanjo"},"image":{"@id":"https:\/\/www.oarcanjo.net\/site\/#\/schema\/logo\/image\/"},"sameAs":["https:\/\/www.facebook.com\/OArcanjoNoAr\/"]}]}},"publishpress_future_action":{"enabled":false,"date":"2026-05-12 22:33:17","action":"category","newStatus":"draft","terms":[],"taxonomy":""},"publishpress_future_workflow_manual_trigger":{"enabledWorkflows":[]},"_links":{"self":[{"href":"https:\/\/www.oarcanjo.net\/site\/wp-json\/wp\/v2\/pages\/1899"}],"collection":[{"href":"https:\/\/www.oarcanjo.net\/site\/wp-json\/wp\/v2\/pages"}],"about":[{"href":"https:\/\/www.oarcanjo.net\/site\/wp-json\/wp\/v2\/types\/page"}],"author":[{"embeddable":true,"href":"https:\/\/www.oarcanjo.net\/site\/wp-json\/wp\/v2\/users\/5"}],"replies":[{"embeddable":true,"href":"https:\/\/www.oarcanjo.net\/site\/wp-json\/wp\/v2\/comments?post=1899"}],"version-history":[{"count":0,"href":"https:\/\/www.oarcanjo.net\/site\/wp-json\/wp\/v2\/pages\/1899\/revisions"}],"up":[{"embeddable":true,"href":"https:\/\/www.oarcanjo.net\/site\/wp-json\/wp\/v2\/pages\/13"}],"wp:attachment":[{"href":"https:\/\/www.oarcanjo.net\/site\/wp-json\/wp\/v2\/media?parent=1899"}],"curies":[{"name":"wp","href":"https:\/\/api.w.org\/{rel}","templated":true}]}}