
{"id":472,"date":"2008-10-30T21:10:57","date_gmt":"2008-10-30T23:10:57","guid":{"rendered":"http:\/\/www.oarcanjo.net\/site\/?page_id=472"},"modified":"2022-09-18T16:24:55","modified_gmt":"2022-09-18T19:24:55","slug":"batismo","status":"publish","type":"page","link":"https:\/\/www.oarcanjo.net\/site\/pastorais-e-servicos\/batismo\/","title":{"rendered":"Batismo: como fazer e o que \u00e9 preciso"},"content":{"rendered":"<p>A marca\u00e7\u00e3o dos batizados \u00e9 realizada com a Andr\u00e9a na Secretaria da Par\u00f3quia S\u00e3o Miguel Arcanjo, momento da entrega dos documentos &#8211; s\u00e3o eles:<\/p>\n<p>* Certid\u00e3o de casamento dos pais (civil e religioso) e padrinhos<br \/>\n* Certid\u00e3o de nascimento da crian\u00e7a<br \/>\n* Ficha com endere\u00e7o completo e telefones.<\/p>\n<p>A Secretaria est\u00e1 aberta \u00e0s segundas, ter\u00e7as, quintas e sextas-feiras, das 7h30 \u00e0s 11h30 e das 13h30 \u00e0s 17h30. Aos s\u00e1bados das 7h30 \u00e0s 11h. O telefone para esclarecer eventuais d\u00favidas \u00e9 2692-6798.<\/p>\n<p>Caso os pais tenham casado somente no civil, a Par\u00f3quia oferece a legitima\u00e7\u00e3o, isto \u00e9, o casamento, que ser\u00e1 realizado no dia do batismo.<\/p>\n<p>A prepara\u00e7\u00e3o para o Batismo, com pais e padrinhos, ocorre aos s\u00e1bados, na <strong>Igreja S\u00e3o Miguel Arcanjo<\/strong> &#8211; Rua Taquari, 1.100, iniciando-se \u00e0s 14h30 e com previs\u00e3o de t\u00e9rmino \u00e0s 17h.<\/p>\n<p>Os batizados s\u00e3o realizados aos domingos, na <strong>Igreja S\u00e3o Miguel Arcanjo<\/strong> &#8211; Rua Taquari, 1.100.<\/p>\n<p>Equipe da Pastoral do Batismo<\/p>\n<div id=\"themify_builder_content-472\" data-postid=\"472\" class=\"themify_builder_content themify_builder_content-472 themify_builder themify_builder_front\">\n\t<\/div>\n<!-- \/themify_builder_content -->","protected":false},"excerpt":{"rendered":"<p>A marca\u00e7\u00e3o dos batizados \u00e9 realizada com a Andr\u00e9a na Secretaria da Par\u00f3quia S\u00e3o Miguel Arcanjo, momento da entrega dos documentos &#8211; s\u00e3o eles: * Certid\u00e3o de casamento dos pais (civil e religioso) e padrinhos * Certid\u00e3o de nascimento da crian\u00e7a * Ficha com endere\u00e7o completo e telefones. A Secretaria est\u00e1 aberta \u00e0s segundas, ter\u00e7as, [&hellip;]<\/p>\n","protected":false},"author":5,"featured_media":0,"parent":13,"menu_order":0,"comment_status":"open","ping_status":"closed","template":"","meta":{"ngg_post_thumbnail":0,"footnotes":""},"yoast_head":"<!-- This site is optimized with the Yoast SEO plugin v23.5 - https:\/\/yoast.com\/wordpress\/plugins\/seo\/ -->\n<title>Batismo: como fazer e o que \u00e9 preciso - O Arcanjo no ar<\/title>\n<meta name=\"robots\" content=\"index, follow, max-snippet:-1, max-image-preview:large, max-video-preview:-1\" \/>\n<link rel=\"canonical\" href=\"https:\/\/www.oarcanjo.net\/site\/pastorais-e-servicos\/batismo\/\" \/>\n<meta property=\"og:locale\" content=\"pt_BR\" \/>\n<meta property=\"og:type\" content=\"article\" \/>\n<meta property=\"og:title\" content=\"Batismo: como fazer e o que \u00e9 preciso - O Arcanjo no ar\" \/>\n<meta property=\"og:description\" content=\"A marca\u00e7\u00e3o dos batizados \u00e9 realizada com a Andr\u00e9a na Secretaria da Par\u00f3quia S\u00e3o Miguel Arcanjo, momento da entrega dos documentos &#8211; s\u00e3o eles: * Certid\u00e3o de casamento dos pais (civil e religioso) e padrinhos * Certid\u00e3o de nascimento da crian\u00e7a * Ficha com endere\u00e7o completo e telefones. A Secretaria est\u00e1 aberta \u00e0s segundas, ter\u00e7as, [&hellip;]\" \/>\n<meta property=\"og:url\" content=\"https:\/\/www.oarcanjo.net\/site\/pastorais-e-servicos\/batismo\/\" \/>\n<meta property=\"og:site_name\" content=\"O Arcanjo no ar\" \/>\n<meta property=\"article:publisher\" content=\"https:\/\/www.facebook.com\/OArcanjoNoAr\/\" \/>\n<meta property=\"article:modified_time\" content=\"2022-09-18T19:24:55+00:00\" \/>\n<meta property=\"og:image\" content=\"https:\/\/www.oarcanjo.net\/site\/wp-content\/uploads\/logo-o-arcanjo-no-ar-facebook.png\" \/>\n\t<meta property=\"og:image:width\" content=\"300\" \/>\n\t<meta property=\"og:image:height\" content=\"300\" \/>\n\t<meta property=\"og:image:type\" content=\"image\/png\" \/>\n<meta name=\"twitter:card\" content=\"summary_large_image\" \/>\n<meta name=\"twitter:label1\" content=\"Est. tempo de leitura\" \/>\n\t<meta name=\"twitter:data1\" content=\"1 minuto\" \/>\n<script type=\"application\/ld+json\" class=\"yoast-schema-graph\">{\"@context\":\"https:\/\/schema.org\",\"@graph\":[{\"@type\":\"WebPage\",\"@id\":\"https:\/\/www.oarcanjo.net\/site\/pastorais-e-servicos\/batismo\/\",\"url\":\"https:\/\/www.oarcanjo.net\/site\/pastorais-e-servicos\/batismo\/\",\"name\":\"Batismo: como fazer e o que \u00e9 preciso - O Arcanjo no ar\",\"isPartOf\":{\"@id\":\"https:\/\/www.oarcanjo.net\/site\/#website\"},\"datePublished\":\"2008-10-30T23:10:57+00:00\",\"dateModified\":\"2022-09-18T19:24:55+00:00\",\"breadcrumb\":{\"@id\":\"https:\/\/www.oarcanjo.net\/site\/pastorais-e-servicos\/batismo\/#breadcrumb\"},\"inLanguage\":\"pt-BR\",\"potentialAction\":[{\"@type\":\"ReadAction\",\"target\":[\"https:\/\/www.oarcanjo.net\/site\/pastorais-e-servicos\/batismo\/\"]}]},{\"@type\":\"BreadcrumbList\",\"@id\":\"https:\/\/www.oarcanjo.net\/site\/pastorais-e-servicos\/batismo\/#breadcrumb\",\"itemListElement\":[{\"@type\":\"ListItem\",\"position\":1,\"name\":\"In\u00edcio\",\"item\":\"https:\/\/www.oarcanjo.net\/site\/\"},{\"@type\":\"ListItem\",\"position\":2,\"name\":\"Pastorais e servi\u00e7os\",\"item\":\"https:\/\/www.oarcanjo.net\/site\/pastorais-e-servicos\/\"},{\"@type\":\"ListItem\",\"position\":3,\"name\":\"Batismo: como fazer e o que \u00e9 preciso\"}]},{\"@type\":\"WebSite\",\"@id\":\"https:\/\/www.oarcanjo.net\/site\/#website\",\"url\":\"https:\/\/www.oarcanjo.net\/site\/\",\"name\":\"O Arcanjo no ar\",\"description\":\"Site da Par\u00f3quia S\u00e3o Miguel Arcanjo (Arquidiocese de SP)\",\"publisher\":{\"@id\":\"https:\/\/www.oarcanjo.net\/site\/#organization\"},\"potentialAction\":[{\"@type\":\"SearchAction\",\"target\":{\"@type\":\"EntryPoint\",\"urlTemplate\":\"https:\/\/www.oarcanjo.net\/site\/?s={search_term_string}\"},\"query-input\":{\"@type\":\"PropertyValueSpecification\",\"valueRequired\":true,\"valueName\":\"search_term_string\"}}],\"inLanguage\":\"pt-BR\"},{\"@type\":\"Organization\",\"@id\":\"https:\/\/www.oarcanjo.net\/site\/#organization\",\"name\":\"Par\u00f3quia S\u00e3o Miguel Arcanjo\",\"url\":\"https:\/\/www.oarcanjo.net\/site\/\",\"logo\":{\"@type\":\"ImageObject\",\"inLanguage\":\"pt-BR\",\"@id\":\"https:\/\/www.oarcanjo.net\/site\/#\/schema\/logo\/image\/\",\"url\":\"https:\/\/www.oarcanjo.net\/site\/wp-content\/uploads\/LogoOArcanjo.png\",\"contentUrl\":\"https:\/\/www.oarcanjo.net\/site\/wp-content\/uploads\/LogoOArcanjo.png\",\"width\":319,\"height\":99,\"caption\":\"Par\u00f3quia S\u00e3o Miguel Arcanjo\"},\"image\":{\"@id\":\"https:\/\/www.oarcanjo.net\/site\/#\/schema\/logo\/image\/\"},\"sameAs\":[\"https:\/\/www.facebook.com\/OArcanjoNoAr\/\"]}]}<\/script>\n<!-- \/ Yoast SEO plugin. -->","yoast_head_json":{"title":"Batismo: como fazer e o que \u00e9 preciso - O Arcanjo no ar","robots":{"index":"index","follow":"follow","max-snippet":"max-snippet:-1","max-image-preview":"max-image-preview:large","max-video-preview":"max-video-preview:-1"},"canonical":"https:\/\/www.oarcanjo.net\/site\/pastorais-e-servicos\/batismo\/","og_locale":"pt_BR","og_type":"article","og_title":"Batismo: como fazer e o que \u00e9 preciso - O Arcanjo no ar","og_description":"A marca\u00e7\u00e3o dos batizados \u00e9 realizada com a Andr\u00e9a na Secretaria da Par\u00f3quia S\u00e3o Miguel Arcanjo, momento da entrega dos documentos &#8211; s\u00e3o eles: * Certid\u00e3o de casamento dos pais (civil e religioso) e padrinhos * Certid\u00e3o de nascimento da crian\u00e7a * Ficha com endere\u00e7o completo e telefones. A Secretaria est\u00e1 aberta \u00e0s segundas, ter\u00e7as, [&hellip;]","og_url":"https:\/\/www.oarcanjo.net\/site\/pastorais-e-servicos\/batismo\/","og_site_name":"O Arcanjo no ar","article_publisher":"https:\/\/www.facebook.com\/OArcanjoNoAr\/","article_modified_time":"2022-09-18T19:24:55+00:00","og_image":[{"width":300,"height":300,"url":"https:\/\/www.oarcanjo.net\/site\/wp-content\/uploads\/logo-o-arcanjo-no-ar-facebook.png","type":"image\/png"}],"twitter_card":"summary_large_image","twitter_misc":{"Est. tempo de leitura":"1 minuto"},"schema":{"@context":"https:\/\/schema.org","@graph":[{"@type":"WebPage","@id":"https:\/\/www.oarcanjo.net\/site\/pastorais-e-servicos\/batismo\/","url":"https:\/\/www.oarcanjo.net\/site\/pastorais-e-servicos\/batismo\/","name":"Batismo: como fazer e o que \u00e9 preciso - O Arcanjo no ar","isPartOf":{"@id":"https:\/\/www.oarcanjo.net\/site\/#website"},"datePublished":"2008-10-30T23:10:57+00:00","dateModified":"2022-09-18T19:24:55+00:00","breadcrumb":{"@id":"https:\/\/www.oarcanjo.net\/site\/pastorais-e-servicos\/batismo\/#breadcrumb"},"inLanguage":"pt-BR","potentialAction":[{"@type":"ReadAction","target":["https:\/\/www.oarcanjo.net\/site\/pastorais-e-servicos\/batismo\/"]}]},{"@type":"BreadcrumbList","@id":"https:\/\/www.oarcanjo.net\/site\/pastorais-e-servicos\/batismo\/#breadcrumb","itemListElement":[{"@type":"ListItem","position":1,"name":"In\u00edcio","item":"https:\/\/www.oarcanjo.net\/site\/"},{"@type":"ListItem","position":2,"name":"Pastorais e servi\u00e7os","item":"https:\/\/www.oarcanjo.net\/site\/pastorais-e-servicos\/"},{"@type":"ListItem","position":3,"name":"Batismo: como fazer e o que \u00e9 preciso"}]},{"@type":"WebSite","@id":"https:\/\/www.oarcanjo.net\/site\/#website","url":"https:\/\/www.oarcanjo.net\/site\/","name":"O Arcanjo no ar","description":"Site da Par\u00f3quia S\u00e3o Miguel Arcanjo (Arquidiocese de SP)","publisher":{"@id":"https:\/\/www.oarcanjo.net\/site\/#organization"},"potentialAction":[{"@type":"SearchAction","target":{"@type":"EntryPoint","urlTemplate":"https:\/\/www.oarcanjo.net\/site\/?s={search_term_string}"},"query-input":{"@type":"PropertyValueSpecification","valueRequired":true,"valueName":"search_term_string"}}],"inLanguage":"pt-BR"},{"@type":"Organization","@id":"https:\/\/www.oarcanjo.net\/site\/#organization","name":"Par\u00f3quia S\u00e3o Miguel Arcanjo","url":"https:\/\/www.oarcanjo.net\/site\/","logo":{"@type":"ImageObject","inLanguage":"pt-BR","@id":"https:\/\/www.oarcanjo.net\/site\/#\/schema\/logo\/image\/","url":"https:\/\/www.oarcanjo.net\/site\/wp-content\/uploads\/LogoOArcanjo.png","contentUrl":"https:\/\/www.oarcanjo.net\/site\/wp-content\/uploads\/LogoOArcanjo.png","width":319,"height":99,"caption":"Par\u00f3quia S\u00e3o Miguel Arcanjo"},"image":{"@id":"https:\/\/www.oarcanjo.net\/site\/#\/schema\/logo\/image\/"},"sameAs":["https:\/\/www.facebook.com\/OArcanjoNoAr\/"]}]}},"publishpress_future_action":{"enabled":false,"date":"2026-05-06 03:12:10","action":"category","newStatus":"draft","terms":[],"taxonomy":""},"publishpress_future_workflow_manual_trigger":{"enabledWorkflows":[]},"_links":{"self":[{"href":"https:\/\/www.oarcanjo.net\/site\/wp-json\/wp\/v2\/pages\/472"}],"collection":[{"href":"https:\/\/www.oarcanjo.net\/site\/wp-json\/wp\/v2\/pages"}],"about":[{"href":"https:\/\/www.oarcanjo.net\/site\/wp-json\/wp\/v2\/types\/page"}],"author":[{"embeddable":true,"href":"https:\/\/www.oarcanjo.net\/site\/wp-json\/wp\/v2\/users\/5"}],"replies":[{"embeddable":true,"href":"https:\/\/www.oarcanjo.net\/site\/wp-json\/wp\/v2\/comments?post=472"}],"version-history":[{"count":4,"href":"https:\/\/www.oarcanjo.net\/site\/wp-json\/wp\/v2\/pages\/472\/revisions"}],"predecessor-version":[{"id":121167,"href":"https:\/\/www.oarcanjo.net\/site\/wp-json\/wp\/v2\/pages\/472\/revisions\/121167"}],"up":[{"embeddable":true,"href":"https:\/\/www.oarcanjo.net\/site\/wp-json\/wp\/v2\/pages\/13"}],"wp:attachment":[{"href":"https:\/\/www.oarcanjo.net\/site\/wp-json\/wp\/v2\/media?parent=472"}],"curies":[{"name":"wp","href":"https:\/\/api.w.org\/{rel}","templated":true}]}}