
{"id":7,"date":"2008-09-23T00:12:27","date_gmt":"2008-09-23T03:12:27","guid":{"rendered":"http:\/\/www.oarcanjo.net\/site\/?page_id=7"},"modified":"2014-09-29T14:18:15","modified_gmt":"2014-09-29T17:18:15","slug":"historico","status":"publish","type":"page","link":"https:\/\/www.oarcanjo.net\/site\/sobre\/historico\/","title":{"rendered":"Hist\u00f3rico"},"content":{"rendered":"<p>Por volta de 1870, Miguel Aliano, jovem italiano, veio ao Brasil junto com outras pessoas em busca de trabalho, fugindo da situa\u00e7\u00e3o dif\u00edcil em que a Europa se encontrava. Saiu da It\u00e1lia rumo ao Brasil em um &#8220;vapor&#8221;. O mau tempo com ventos em dire\u00e7\u00f5es opostas fez com que a viagem, que normalmente demorava por volta de tr\u00eas meses, levasse longos meses. O sofrimento foi muito grande, muitas pessoas morreram e seus corpos atirados ao mar, fazendo com que muitos temessem n\u00e3o chegar ao destino.<\/p>\n<p>Miguel, lembrando-se da f\u00e9 que sua m\u00e3e lhe havia passado, pediu a S\u00e3o Miguel Arcanjo o milagre de chegar ao destino, prometendo que, quando tivesse condi\u00e7\u00f5es, voltaria \u00e0 It\u00e1lia para buscar a imagem do protetor e ent\u00e3o mandaria erguer uma capela em sua honra.<\/p>\n<p>Miguel chegou, trabalhou e assim que poss\u00edvel cumpriu a promessa: a capela foi erguida na rua Br\u00e1ulio Gomes, no centro de S\u00e3o Paulo, em 1891 por Miguel Aliano e Ana Maria Olga Aliano. Com a chegada do progresso \u00e0 regi\u00e3o, a \u00e1rea em que ficava a capela foi desapropriada. Assim, em 1938 os sucessores de Miguel Aliano a transferiram para o bairro da Mooca, na zona leste.<\/p>\n<p>Na d\u00e9cada de 60, a capela foi doada \u00e0 C\u00faria Metropolitana. Em 21 de abril de 1960, foi celebrada a primeira missa como par\u00f3quia.<\/p>\n<p>Miguel Aliano, ao construir a capela em devo\u00e7\u00e3o a S\u00e3o Miguel Arcanjo, n\u00e3o tinha nenhuma inten\u00e7\u00e3o de que fosse exclusiva da fam\u00edlia, mas sim para uma comunidade. Seu anseio se realizou e hoje a devo\u00e7\u00e3o a S\u00e3o Miguel impulsiona a comunidade para uma vida crist\u00e3 no seguimento de Jesus.<\/p>\n<div id=\"themify_builder_content-7\" data-postid=\"7\" class=\"themify_builder_content themify_builder_content-7 themify_builder themify_builder_front\">\n\t<\/div>\n<!-- \/themify_builder_content -->","protected":false},"excerpt":{"rendered":"<p>Por volta de 1870, Miguel Aliano, jovem italiano, veio ao Brasil junto com outras pessoas em busca de trabalho, fugindo da situa\u00e7\u00e3o dif\u00edcil em que a Europa se encontrava. Saiu da It\u00e1lia rumo ao Brasil em um &#8220;vapor&#8221;. O mau tempo com ventos em dire\u00e7\u00f5es opostas fez com que a viagem, que normalmente demorava por [&hellip;]<\/p>\n","protected":false},"author":5,"featured_media":0,"parent":2,"menu_order":0,"comment_status":"open","ping_status":"closed","template":"","meta":{"ngg_post_thumbnail":0,"footnotes":""},"yoast_head":"<!-- This site is optimized with the Yoast SEO plugin v23.5 - https:\/\/yoast.com\/wordpress\/plugins\/seo\/ -->\n<title>Hist\u00f3rico - O Arcanjo no ar<\/title>\n<meta name=\"robots\" content=\"index, follow, max-snippet:-1, max-image-preview:large, max-video-preview:-1\" \/>\n<link rel=\"canonical\" href=\"https:\/\/www.oarcanjo.net\/site\/sobre\/historico\/\" \/>\n<meta property=\"og:locale\" content=\"pt_BR\" \/>\n<meta property=\"og:type\" content=\"article\" \/>\n<meta property=\"og:title\" content=\"Hist\u00f3rico - O Arcanjo no ar\" \/>\n<meta property=\"og:description\" content=\"Por volta de 1870, Miguel Aliano, jovem italiano, veio ao Brasil junto com outras pessoas em busca de trabalho, fugindo da situa\u00e7\u00e3o dif\u00edcil em que a Europa se encontrava. Saiu da It\u00e1lia rumo ao Brasil em um &#8220;vapor&#8221;. O mau tempo com ventos em dire\u00e7\u00f5es opostas fez com que a viagem, que normalmente demorava por [&hellip;]\" \/>\n<meta property=\"og:url\" content=\"https:\/\/www.oarcanjo.net\/site\/sobre\/historico\/\" \/>\n<meta property=\"og:site_name\" content=\"O Arcanjo no ar\" \/>\n<meta property=\"article:publisher\" content=\"https:\/\/www.facebook.com\/OArcanjoNoAr\/\" \/>\n<meta property=\"article:modified_time\" content=\"2014-09-29T17:18:15+00:00\" \/>\n<meta property=\"og:image\" content=\"https:\/\/www.oarcanjo.net\/site\/wp-content\/uploads\/logo-o-arcanjo-no-ar-facebook.png\" \/>\n\t<meta property=\"og:image:width\" content=\"300\" \/>\n\t<meta property=\"og:image:height\" content=\"300\" \/>\n\t<meta property=\"og:image:type\" content=\"image\/png\" \/>\n<meta name=\"twitter:card\" content=\"summary_large_image\" \/>\n<meta name=\"twitter:label1\" content=\"Est. tempo de leitura\" \/>\n\t<meta name=\"twitter:data1\" content=\"1 minuto\" \/>\n<script type=\"application\/ld+json\" class=\"yoast-schema-graph\">{\"@context\":\"https:\/\/schema.org\",\"@graph\":[{\"@type\":\"WebPage\",\"@id\":\"https:\/\/www.oarcanjo.net\/site\/sobre\/historico\/\",\"url\":\"https:\/\/www.oarcanjo.net\/site\/sobre\/historico\/\",\"name\":\"Hist\u00f3rico - O Arcanjo no ar\",\"isPartOf\":{\"@id\":\"https:\/\/www.oarcanjo.net\/site\/#website\"},\"datePublished\":\"2008-09-23T03:12:27+00:00\",\"dateModified\":\"2014-09-29T17:18:15+00:00\",\"breadcrumb\":{\"@id\":\"https:\/\/www.oarcanjo.net\/site\/sobre\/historico\/#breadcrumb\"},\"inLanguage\":\"pt-BR\",\"potentialAction\":[{\"@type\":\"ReadAction\",\"target\":[\"https:\/\/www.oarcanjo.net\/site\/sobre\/historico\/\"]}]},{\"@type\":\"BreadcrumbList\",\"@id\":\"https:\/\/www.oarcanjo.net\/site\/sobre\/historico\/#breadcrumb\",\"itemListElement\":[{\"@type\":\"ListItem\",\"position\":1,\"name\":\"In\u00edcio\",\"item\":\"https:\/\/www.oarcanjo.net\/site\/\"},{\"@type\":\"ListItem\",\"position\":2,\"name\":\"Apresenta\u00e7\u00e3o\",\"item\":\"https:\/\/www.oarcanjo.net\/site\/sobre\/\"},{\"@type\":\"ListItem\",\"position\":3,\"name\":\"Hist\u00f3rico\"}]},{\"@type\":\"WebSite\",\"@id\":\"https:\/\/www.oarcanjo.net\/site\/#website\",\"url\":\"https:\/\/www.oarcanjo.net\/site\/\",\"name\":\"O Arcanjo no ar\",\"description\":\"Site da Par\u00f3quia S\u00e3o Miguel Arcanjo (Arquidiocese de SP)\",\"publisher\":{\"@id\":\"https:\/\/www.oarcanjo.net\/site\/#organization\"},\"potentialAction\":[{\"@type\":\"SearchAction\",\"target\":{\"@type\":\"EntryPoint\",\"urlTemplate\":\"https:\/\/www.oarcanjo.net\/site\/?s={search_term_string}\"},\"query-input\":{\"@type\":\"PropertyValueSpecification\",\"valueRequired\":true,\"valueName\":\"search_term_string\"}}],\"inLanguage\":\"pt-BR\"},{\"@type\":\"Organization\",\"@id\":\"https:\/\/www.oarcanjo.net\/site\/#organization\",\"name\":\"Par\u00f3quia S\u00e3o Miguel Arcanjo\",\"url\":\"https:\/\/www.oarcanjo.net\/site\/\",\"logo\":{\"@type\":\"ImageObject\",\"inLanguage\":\"pt-BR\",\"@id\":\"https:\/\/www.oarcanjo.net\/site\/#\/schema\/logo\/image\/\",\"url\":\"https:\/\/www.oarcanjo.net\/site\/wp-content\/uploads\/LogoOArcanjo.png\",\"contentUrl\":\"https:\/\/www.oarcanjo.net\/site\/wp-content\/uploads\/LogoOArcanjo.png\",\"width\":319,\"height\":99,\"caption\":\"Par\u00f3quia S\u00e3o Miguel Arcanjo\"},\"image\":{\"@id\":\"https:\/\/www.oarcanjo.net\/site\/#\/schema\/logo\/image\/\"},\"sameAs\":[\"https:\/\/www.facebook.com\/OArcanjoNoAr\/\"]}]}<\/script>\n<!-- \/ Yoast SEO plugin. -->","yoast_head_json":{"title":"Hist\u00f3rico - O Arcanjo no ar","robots":{"index":"index","follow":"follow","max-snippet":"max-snippet:-1","max-image-preview":"max-image-preview:large","max-video-preview":"max-video-preview:-1"},"canonical":"https:\/\/www.oarcanjo.net\/site\/sobre\/historico\/","og_locale":"pt_BR","og_type":"article","og_title":"Hist\u00f3rico - O Arcanjo no ar","og_description":"Por volta de 1870, Miguel Aliano, jovem italiano, veio ao Brasil junto com outras pessoas em busca de trabalho, fugindo da situa\u00e7\u00e3o dif\u00edcil em que a Europa se encontrava. Saiu da It\u00e1lia rumo ao Brasil em um &#8220;vapor&#8221;. O mau tempo com ventos em dire\u00e7\u00f5es opostas fez com que a viagem, que normalmente demorava por [&hellip;]","og_url":"https:\/\/www.oarcanjo.net\/site\/sobre\/historico\/","og_site_name":"O Arcanjo no ar","article_publisher":"https:\/\/www.facebook.com\/OArcanjoNoAr\/","article_modified_time":"2014-09-29T17:18:15+00:00","og_image":[{"width":300,"height":300,"url":"https:\/\/www.oarcanjo.net\/site\/wp-content\/uploads\/logo-o-arcanjo-no-ar-facebook.png","type":"image\/png"}],"twitter_card":"summary_large_image","twitter_misc":{"Est. tempo de leitura":"1 minuto"},"schema":{"@context":"https:\/\/schema.org","@graph":[{"@type":"WebPage","@id":"https:\/\/www.oarcanjo.net\/site\/sobre\/historico\/","url":"https:\/\/www.oarcanjo.net\/site\/sobre\/historico\/","name":"Hist\u00f3rico - O Arcanjo no ar","isPartOf":{"@id":"https:\/\/www.oarcanjo.net\/site\/#website"},"datePublished":"2008-09-23T03:12:27+00:00","dateModified":"2014-09-29T17:18:15+00:00","breadcrumb":{"@id":"https:\/\/www.oarcanjo.net\/site\/sobre\/historico\/#breadcrumb"},"inLanguage":"pt-BR","potentialAction":[{"@type":"ReadAction","target":["https:\/\/www.oarcanjo.net\/site\/sobre\/historico\/"]}]},{"@type":"BreadcrumbList","@id":"https:\/\/www.oarcanjo.net\/site\/sobre\/historico\/#breadcrumb","itemListElement":[{"@type":"ListItem","position":1,"name":"In\u00edcio","item":"https:\/\/www.oarcanjo.net\/site\/"},{"@type":"ListItem","position":2,"name":"Apresenta\u00e7\u00e3o","item":"https:\/\/www.oarcanjo.net\/site\/sobre\/"},{"@type":"ListItem","position":3,"name":"Hist\u00f3rico"}]},{"@type":"WebSite","@id":"https:\/\/www.oarcanjo.net\/site\/#website","url":"https:\/\/www.oarcanjo.net\/site\/","name":"O Arcanjo no ar","description":"Site da Par\u00f3quia S\u00e3o Miguel Arcanjo (Arquidiocese de SP)","publisher":{"@id":"https:\/\/www.oarcanjo.net\/site\/#organization"},"potentialAction":[{"@type":"SearchAction","target":{"@type":"EntryPoint","urlTemplate":"https:\/\/www.oarcanjo.net\/site\/?s={search_term_string}"},"query-input":{"@type":"PropertyValueSpecification","valueRequired":true,"valueName":"search_term_string"}}],"inLanguage":"pt-BR"},{"@type":"Organization","@id":"https:\/\/www.oarcanjo.net\/site\/#organization","name":"Par\u00f3quia S\u00e3o Miguel Arcanjo","url":"https:\/\/www.oarcanjo.net\/site\/","logo":{"@type":"ImageObject","inLanguage":"pt-BR","@id":"https:\/\/www.oarcanjo.net\/site\/#\/schema\/logo\/image\/","url":"https:\/\/www.oarcanjo.net\/site\/wp-content\/uploads\/LogoOArcanjo.png","contentUrl":"https:\/\/www.oarcanjo.net\/site\/wp-content\/uploads\/LogoOArcanjo.png","width":319,"height":99,"caption":"Par\u00f3quia S\u00e3o Miguel Arcanjo"},"image":{"@id":"https:\/\/www.oarcanjo.net\/site\/#\/schema\/logo\/image\/"},"sameAs":["https:\/\/www.facebook.com\/OArcanjoNoAr\/"]}]}},"publishpress_future_action":{"enabled":false,"date":"2026-05-12 04:49:29","action":"category","newStatus":"draft","terms":[],"taxonomy":""},"publishpress_future_workflow_manual_trigger":{"enabledWorkflows":[]},"_links":{"self":[{"href":"https:\/\/www.oarcanjo.net\/site\/wp-json\/wp\/v2\/pages\/7"}],"collection":[{"href":"https:\/\/www.oarcanjo.net\/site\/wp-json\/wp\/v2\/pages"}],"about":[{"href":"https:\/\/www.oarcanjo.net\/site\/wp-json\/wp\/v2\/types\/page"}],"author":[{"embeddable":true,"href":"https:\/\/www.oarcanjo.net\/site\/wp-json\/wp\/v2\/users\/5"}],"replies":[{"embeddable":true,"href":"https:\/\/www.oarcanjo.net\/site\/wp-json\/wp\/v2\/comments?post=7"}],"version-history":[{"count":0,"href":"https:\/\/www.oarcanjo.net\/site\/wp-json\/wp\/v2\/pages\/7\/revisions"}],"up":[{"embeddable":true,"href":"https:\/\/www.oarcanjo.net\/site\/wp-json\/wp\/v2\/pages\/2"}],"wp:attachment":[{"href":"https:\/\/www.oarcanjo.net\/site\/wp-json\/wp\/v2\/media?parent=7"}],"curies":[{"name":"wp","href":"https:\/\/api.w.org\/{rel}","templated":true}]}}